{"id":155,"date":"2024-06-14T12:27:01","date_gmt":"2024-06-14T10:27:01","guid":{"rendered":"https:\/\/arnaudklein-shiatsu.fr\/?page_id=155"},"modified":"2025-08-09T16:25:53","modified_gmt":"2025-08-09T14:25:53","slug":"qui-suis-je","status":"publish","type":"page","link":"https:\/\/arnaudklein-shiatsu.fr\/index.php\/qui-suis-je\/","title":{"rendered":"Qui suis-je ?"},"content":{"rendered":"\n<p>Je suis titulaire du titre de &#8220;sp\u00e9cialiste en Shiatsu&#8221;, reconnu par l&#8217;Etat (RNCP) au niveau bac +2.<\/p>\n\n\n\n<p>J&#8217;ai obtenu ce titre au sein de l&#8217;\u00e9cole Ioka\u00ef \u00e0 Paris.<br>Un axe important de mon rapport professionnel pour son obtention, \u00e9tait l&#8217;accompagnement de personnes sujettes \u00e0 une addiction &#8211; voir cet article de blog.<\/p>\n\n\n\n<p>Auparavant, mon parcours universitaire en licence puis en master de psychologie clinique, et de l\u00e0 ma vie professionnelle, m&#8217;ont amen\u00e9 \u00e0 :<\/p>\n\n\n\n<ul class=\"wp-block-list\">\n<li>rencontrer, \u00e9couter et accompagner professionnellement des personnes en souffrance.<br>J&#8217;ai beaucoup travaill\u00e9 avec les enfants : en centre maternel, en prison, en maison d&#8217;enfants \u00e0 caract\u00e8re social, en r\u00e9seau d&#8217;aide aux \u00e9l\u00e8ves en difficult\u00e9, \u00e0 domicile dans les quartiers prioritaires de la ville, &#8230;<\/li>\n\n\n\n<li>me former en Shiatsu en t\u00e2chant d&#8217;observer une certaine rigueur intellectuelle et critique.<br>(Pour celles et ceux que cela int\u00e9resse, je suis sensible aux questions \u00e9pist\u00e9mologiques &#8211; voir <a href=\"https:\/\/arnaudklein-shiatsu.fr\/index.php\/tag\/epistemologie\/\" data-type=\"post_tag\" data-id=\"9\">mes articles de blog avec ce mot-cl\u00e9<\/a>)<\/li>\n<\/ul>\n\n\n\n<p>C&#8217;est \u00e0 l&#8217;\u00e9poque du master que j&#8217;ai r\u00e9dig\u00e9 un m\u00e9moire de recherche qui interrogeait la nature de certaines maladies dites psycho-somatiques, notamment en m&#8217;int\u00e9ressant \u00e0 la th\u00e9orie fondamentale de la m\u00e9decine chinoise.<br>J&#8217;ai n&#8217;ai plus cess\u00e9 de me former depuis lors.<\/p>\n\n\n\n<p>Je pratique aujourd&#8217;hui plusieurs styles de Shiatsu :<\/p>\n\n\n\n<ul class=\"wp-block-list\">\n<li>Yin Shiatsu<\/li>\n\n\n\n<li>Keiraku Shiatsu<\/li>\n\n\n\n<li>Kuretake Shiatsu<\/li>\n<\/ul>\n\n\n\n<p>Pour en savoir plus, n&#8217;h\u00e9sitez pas \u00e0 <a href=\"https:\/\/arnaudklein-shiatsu.fr\/index.php\/contact\/\" data-type=\"page\" data-id=\"53\">me contacter.<\/a><\/p>\n","protected":false},"excerpt":{"rendered":"<p>Je suis titulaire du titre de &#8220;sp\u00e9cialiste en Shiatsu&#8221;, reconnu par l&#8217;Etat (RNCP) au niveau bac +2. J&#8217;ai obtenu ce titre au sein de l&#8217;\u00e9cole Ioka\u00ef \u00e0 Paris.Un axe important de mon rapport professionnel pour son obtention, \u00e9tait l&#8217;accompagnement de personnes sujettes \u00e0 une addiction &#8211; voir cet article de blog. Auparavant, mon parcours universitaire &hellip; <\/p>\n<p class=\"link-more\"><a href=\"https:\/\/arnaudklein-shiatsu.fr\/index.php\/qui-suis-je\/\" class=\"more-link\">Continue reading<span class=\"screen-reader-text\"> &#8220;Qui suis-je ?&#8221;<\/span><\/a><\/p>\n","protected":false},"author":1,"featured_media":0,"parent":0,"menu_order":0,"comment_status":"closed","ping_status":"closed","template":"","meta":{"_themeisle_gutenberg_block_has_review":false,"footnotes":""},"class_list":["post-155","page","type-page","status-publish","hentry"],"jetpack_sharing_enabled":true,"_links":{"self":[{"href":"https:\/\/arnaudklein-shiatsu.fr\/index.php\/wp-json\/wp\/v2\/pages\/155","targetHints":{"allow":["GET"]}}],"collection":[{"href":"https:\/\/arnaudklein-shiatsu.fr\/index.php\/wp-json\/wp\/v2\/pages"}],"about":[{"href":"https:\/\/arnaudklein-shiatsu.fr\/index.php\/wp-json\/wp\/v2\/types\/page"}],"author":[{"embeddable":true,"href":"https:\/\/arnaudklein-shiatsu.fr\/index.php\/wp-json\/wp\/v2\/users\/1"}],"replies":[{"embeddable":true,"href":"https:\/\/arnaudklein-shiatsu.fr\/index.php\/wp-json\/wp\/v2\/comments?post=155"}],"version-history":[{"count":17,"href":"https:\/\/arnaudklein-shiatsu.fr\/index.php\/wp-json\/wp\/v2\/pages\/155\/revisions"}],"predecessor-version":[{"id":279,"href":"https:\/\/arnaudklein-shiatsu.fr\/index.php\/wp-json\/wp\/v2\/pages\/155\/revisions\/279"}],"wp:attachment":[{"href":"https:\/\/arnaudklein-shiatsu.fr\/index.php\/wp-json\/wp\/v2\/media?parent=155"}],"curies":[{"name":"wp","href":"https:\/\/api.w.org\/{rel}","templated":true}]}}