{"id":52,"date":"2024-01-09T21:05:46","date_gmt":"2024-01-09T20:05:46","guid":{"rendered":"https:\/\/arnaudklein-shiatsu.fr\/?page_id=52"},"modified":"2024-12-13T15:38:26","modified_gmt":"2024-12-13T14:38:26","slug":"a-propos-de","status":"publish","type":"page","link":"https:\/\/arnaudklein-shiatsu.fr\/index.php\/a-propos-de\/","title":{"rendered":"Informations pratiques"},"content":{"rendered":"\n<p><strong>Prise de rendez-vous<\/strong> <strong>en ligne<\/strong><\/p>\n\n\n\n<!-- D\u00e9but de widget en ligne Calendly -->\n<div class=\"calendly-inline-widget\" data-url=\"https:\/\/calendly.com\/arnaudklein-shiatsu\/seance-de-shiatsu\" style=\"min-width:320px;height:700px;\"><\/div>\n<script type=\"text\/javascript\" src=\"https:\/\/assets.calendly.com\/assets\/external\/widget.js\" async><\/script>\n<!-- Fin de widget en ligne Calendly -->\n\n\n\n<p><\/p>\n\n\n\n<p>Vous pouvez \u00e9galement <a href=\"https:\/\/arnaudklein-shiatsu.fr\/index.php\/contact\/\" data-type=\"page\" data-id=\"53\">me contacter directement<\/a> pour convenir d&#8217;un rendez-vous ou discuter de votre situation.<\/p>\n\n\n\n<p><\/p>\n\n\n\n<p>Les s\u00e9ances ont lieu au 13 rue des Petits Champs, \u00e0 Schiltigheim :<\/p>\n\n\n\n<iframe src=\"https:\/\/www.google.com\/maps\/embed?pb=!1m18!1m12!1m3!1d2638.2529983403647!2d7.753810099999999!3d48.6050003!2m3!1f0!2f0!3f0!3m2!1i1024!2i768!4f13.1!3m3!1m2!1s0x4796c9c4b5d339b1%3A0x6e544bebd5f200fb!2sShiatsu%20-%20Arnaud%20Klein!5e0!3m2!1sfr!2sfr!4v1707582680482!5m2!1sfr!2sfr\" width=\"800\" height=\"500\" style=\"border:0;\" allowfullscreen=\"\" loading=\"lazy\" referrerpolicy=\"no-referrer-when-downgrade\"><\/iframe>\n\n\n\n<p><strong>Acc\u00e8s en transports : <\/strong><\/p>\n\n\n\n<ul class=\"wp-block-list\">\n<li>tram B &#8211; arr\u00eat Rives de l&#8217;Aar ou Futura Glaci\u00e8re<\/li>\n\n\n\n<li>bus C3 &#8211; arr\u00eat Schiltigheim Mairie <\/li>\n<\/ul>\n\n\n\n<p>Pas d&#8217;acc\u00e8s PMR &#8211; voir &#8220;s\u00e9ance \u00e0 domicile&#8221; en bas de page.<\/p>\n\n\n\n<p><strong>D\u00e9roulement d&#8217;une s\u00e9ance<\/strong><\/p>\n\n\n\n<p>Chaque s\u00e9ance commence par un temps d&#8217;entretien, au cours duquel je pose quelques questions sur votre motif de consultation.<\/p>\n\n\n\n<p>Je pratique g\u00e9n\u00e9ralement le Shiatsu sur une table de massage, il faut <strong>pr\u00e9voir une tenue assez souple et confortable<\/strong> (le Shiatsu se re\u00e7oit habill\u00e9, <strong>ce n&#8217;est pas un massage \u00e0 l&#8217;huile<\/strong>). Vous pouvez bien s\u00fbr vous changer sur place.<\/p>\n\n\n\n<p>Tout au long de la s\u00e9ance, la communication entre nous reste ouverte, et vous pouvez \u00e0 tout moment me faire part de votre ressenti, me demander d&#8217;adapter la puissance des pressions ou changer de position.<\/p>\n\n\n\n<p>Le Shiatsu est une pratique m\u00e9connue, aussi je suis dispos\u00e9 \u00e0 r\u00e9pondre \u00e0 toutes vos questions sur la mani\u00e8re dont je l&#8217;approche ! N&#8217;h\u00e9sitez pas \u00e0 utiliser la rubrique &#8220;contact&#8221; ou \u00e0 lire mes articles de blog.<\/p>\n\n\n\n<p><strong>Tarifs<\/strong><\/p>\n\n\n\n<ul class=\"wp-block-list\">\n<li>1 s\u00e9ance : 60\u20ac<\/li>\n\n\n\n<li>3 s\u00e9ances : 150\u20ac<\/li>\n<\/ul>\n\n\n\n<p><strong>Tarifs adapt\u00e9s<\/strong><\/p>\n\n\n\n<ul class=\"wp-block-list\">\n<li>Situation pr\u00e9caire : <a href=\"https:\/\/arnaudklein-shiatsu.fr\/index.php\/contact\/\" data-type=\"page\" data-id=\"53\">contactez-moi<\/a><\/li>\n\n\n\n<li>Accompagnement d&#8217;une pathologie chronique : <a href=\"https:\/\/arnaudklein-shiatsu.fr\/index.php\/contact\/\" data-type=\"page\" data-id=\"53\">contactez-moi<\/a><\/li>\n<\/ul>\n\n\n\n<p><strong>S\u00e9ance \u00e0 domicile<\/strong><\/p>\n\n\n\n<p>Au besoin, je me rends \u00e0 votre domicile avec mon mat\u00e9riel, moyennant des frais suppl\u00e9mentaires, \u00e0 convenir selon le temps de trajet.<\/p>\n\n\n\n<p>Pour \u00e9tablir un devis merci de <a href=\"https:\/\/arnaudklein-shiatsu.fr\/index.php\/contact\/\" data-type=\"page\" data-id=\"53\">me contacter<\/a>.<\/p>\n","protected":false},"excerpt":{"rendered":"<p>Prise de rendez-vous en ligne Vous pouvez \u00e9galement me contacter directement pour convenir d&#8217;un rendez-vous ou discuter de votre situation. Les s\u00e9ances ont lieu au 13 rue des Petits Champs, \u00e0 Schiltigheim : Acc\u00e8s en transports : Pas d&#8217;acc\u00e8s PMR &#8211; voir &#8220;s\u00e9ance \u00e0 domicile&#8221; en bas de page. D\u00e9roulement d&#8217;une s\u00e9ance Chaque s\u00e9ance commence &hellip; <\/p>\n<p class=\"link-more\"><a href=\"https:\/\/arnaudklein-shiatsu.fr\/index.php\/a-propos-de\/\" class=\"more-link\">Continue reading<span class=\"screen-reader-text\"> &#8220;Informations pratiques&#8221;<\/span><\/a><\/p>\n","protected":false},"author":1,"featured_media":23,"parent":0,"menu_order":0,"comment_status":"closed","ping_status":"closed","template":"","meta":{"_themeisle_gutenberg_block_has_review":false,"footnotes":""},"class_list":["post-52","page","type-page","status-publish","has-post-thumbnail","hentry"],"jetpack_sharing_enabled":true,"_links":{"self":[{"href":"https:\/\/arnaudklein-shiatsu.fr\/index.php\/wp-json\/wp\/v2\/pages\/52","targetHints":{"allow":["GET"]}}],"collection":[{"href":"https:\/\/arnaudklein-shiatsu.fr\/index.php\/wp-json\/wp\/v2\/pages"}],"about":[{"href":"https:\/\/arnaudklein-shiatsu.fr\/index.php\/wp-json\/wp\/v2\/types\/page"}],"author":[{"embeddable":true,"href":"https:\/\/arnaudklein-shiatsu.fr\/index.php\/wp-json\/wp\/v2\/users\/1"}],"replies":[{"embeddable":true,"href":"https:\/\/arnaudklein-shiatsu.fr\/index.php\/wp-json\/wp\/v2\/comments?post=52"}],"version-history":[{"count":16,"href":"https:\/\/arnaudklein-shiatsu.fr\/index.php\/wp-json\/wp\/v2\/pages\/52\/revisions"}],"predecessor-version":[{"id":259,"href":"https:\/\/arnaudklein-shiatsu.fr\/index.php\/wp-json\/wp\/v2\/pages\/52\/revisions\/259"}],"wp:featuredmedia":[{"embeddable":true,"href":"https:\/\/arnaudklein-shiatsu.fr\/index.php\/wp-json\/wp\/v2\/media\/23"}],"wp:attachment":[{"href":"https:\/\/arnaudklein-shiatsu.fr\/index.php\/wp-json\/wp\/v2\/media?parent=52"}],"curies":[{"name":"wp","href":"https:\/\/api.w.org\/{rel}","templated":true}]}}