{"id":55,"date":"2024-01-09T21:05:46","date_gmt":"2024-01-09T20:05:46","guid":{"rendered":"https:\/\/arnaudklein-shiatsu.fr\/?page_id=55"},"modified":"2024-07-24T21:13:29","modified_gmt":"2024-07-24T19:13:29","slug":"une-section-de-page-daccueil","status":"publish","type":"page","link":"https:\/\/arnaudklein-shiatsu.fr\/index.php\/une-section-de-page-daccueil\/","title":{"rendered":"Le Shiatsu"},"content":{"rendered":"\n<p>Le Shiatsu est une pratique de soins manuels d\u2019origine japonaise qui se re\u00e7oit habill\u00e9\u00b7e.<\/p>\n\n\n\n<p>C&#8217;est une synth\u00e8se de diff\u00e9rentes techniques : elle reprend des \u00e9l\u00e9ments de massage traditionnel japonais (Amma), certains aspects th\u00e9oriques de la m\u00e9decine chinoise, et des connaissances modernes apport\u00e9es par les sciences m\u00e9dicales.<\/p>\n\n\n\n<p>Le Shiatsu peut se recevoir pour l&#8217;entretien de la sant\u00e9 et le confort de mani\u00e8re g\u00e9n\u00e9rale. Dans certains cas, il peut \u00eatre utile dans l&#8217;accompagnement de douleurs, tensions chroniques, pathologies ost\u00e9o-articulaires, inflammatoires, digestives, nerveuses, etc. toujours en bonne intelligence avec le parcours m\u00e9dical.<\/p>\n\n\n\n<p>Pour en savoir plus sur le Shiatsu et les principes qui le sous-tendent, n&#8217;h\u00e9sitez pas \u00e0 consulter les pages d\u00e9di\u00e9es.<\/p>\n\n\n\n<p><\/p>\n","protected":false},"excerpt":{"rendered":"<p>Le Shiatsu est une pratique de soins manuels d\u2019origine japonaise qui se re\u00e7oit habill\u00e9\u00b7e. C&#8217;est une synth\u00e8se de diff\u00e9rentes techniques : elle reprend des \u00e9l\u00e9ments de massage traditionnel japonais (Amma), certains aspects th\u00e9oriques de la m\u00e9decine chinoise, et des connaissances modernes apport\u00e9es par les sciences m\u00e9dicales. Le Shiatsu peut se recevoir pour l&#8217;entretien de la &hellip; <\/p>\n<p class=\"link-more\"><a href=\"https:\/\/arnaudklein-shiatsu.fr\/index.php\/une-section-de-page-daccueil\/\" class=\"more-link\">Continue reading<span class=\"screen-reader-text\"> &#8220;Le Shiatsu&#8221;<\/span><\/a><\/p>\n","protected":false},"author":1,"featured_media":57,"parent":0,"menu_order":0,"comment_status":"closed","ping_status":"closed","template":"","meta":{"_themeisle_gutenberg_block_has_review":false,"footnotes":""},"class_list":["post-55","page","type-page","status-publish","has-post-thumbnail","hentry"],"jetpack_sharing_enabled":true,"_links":{"self":[{"href":"https:\/\/arnaudklein-shiatsu.fr\/index.php\/wp-json\/wp\/v2\/pages\/55","targetHints":{"allow":["GET"]}}],"collection":[{"href":"https:\/\/arnaudklein-shiatsu.fr\/index.php\/wp-json\/wp\/v2\/pages"}],"about":[{"href":"https:\/\/arnaudklein-shiatsu.fr\/index.php\/wp-json\/wp\/v2\/types\/page"}],"author":[{"embeddable":true,"href":"https:\/\/arnaudklein-shiatsu.fr\/index.php\/wp-json\/wp\/v2\/users\/1"}],"replies":[{"embeddable":true,"href":"https:\/\/arnaudklein-shiatsu.fr\/index.php\/wp-json\/wp\/v2\/comments?post=55"}],"version-history":[{"count":10,"href":"https:\/\/arnaudklein-shiatsu.fr\/index.php\/wp-json\/wp\/v2\/pages\/55\/revisions"}],"predecessor-version":[{"id":185,"href":"https:\/\/arnaudklein-shiatsu.fr\/index.php\/wp-json\/wp\/v2\/pages\/55\/revisions\/185"}],"wp:featuredmedia":[{"embeddable":true,"href":"https:\/\/arnaudklein-shiatsu.fr\/index.php\/wp-json\/wp\/v2\/media\/57"}],"wp:attachment":[{"href":"https:\/\/arnaudklein-shiatsu.fr\/index.php\/wp-json\/wp\/v2\/media?parent=55"}],"curies":[{"name":"wp","href":"https:\/\/api.w.org\/{rel}","templated":true}]}}